{"id":1486,"date":"2025-10-15T12:01:18","date_gmt":"2025-10-15T10:01:18","guid":{"rendered":"https:\/\/tressietes.es\/?page_id=1486"},"modified":"2025-10-15T12:02:18","modified_gmt":"2025-10-15T10:02:18","slug":"1486-2","status":"publish","type":"page","link":"https:\/\/tressietes.es\/index.php\/1486-2\/","title":{"rendered":"LISTADO WEB\/HII"},"content":{"rendered":"\n<figure class=\"wp-block-table\"><table class=\"has-fixed-layout\"><tbody><tr><td><a href=\"https:\/\/supinsa.com\/wp-content\/uploads\/2025\/10\/hii-activador-color-tres-sietes.pdf\">Hii Activador Color TRES SIETES<\/a><\/td><\/tr><tr><td><a href=\"https:\/\/supinsa.com\/wp-content\/uploads\/2025\/10\/hii-agua-desmineralizada-tres-sietes.pdf\">Hii Agua Desmineralizada TRES SIETES<\/a><\/td><\/tr><tr><td><a href=\"https:\/\/supinsa.com\/wp-content\/uploads\/2025\/10\/hii-amoniaco-perfumado-tres-sietes.pdf\">Hii Amoniaco Perfumado TRES SIETES<\/a><\/td><\/tr><tr><td><a href=\"https:\/\/supinsa.com\/wp-content\/uploads\/2025\/10\/hii-amoniaco-tres-sietes.pdf\">Hii Amoniaco TRES SIETES<\/a><\/td><\/tr><tr><td><a href=\"https:\/\/supinsa.com\/wp-content\/uploads\/2025\/10\/hii-fregasuelos-pino-tres-sietes.pdf\">Hii Fregasuelos Pino TRES SIETES<\/a><\/td><\/tr><tr><td><a href=\"https:\/\/supinsa.com\/wp-content\/uploads\/2025\/10\/hii-lavavajillas-tres-sietes.pdf\">Hii Lavavajillas TRES SIETES<\/a><\/td><\/tr><tr><td><a href=\"https:\/\/supinsa.com\/wp-content\/uploads\/2025\/10\/hii-lejia-amarilla-tres-sietes.pdf\">Hii Lej\u00eda Amarilla TRES SIETES<\/a><\/td><\/tr><tr><td><a href=\"https:\/\/supinsa.com\/wp-content\/uploads\/2025\/10\/hii-lejia-apta-tres-sietes.pdf\">Hii Lej\u00eda Apta TRES SIETES<\/a><\/td><\/tr><tr><td><a href=\"https:\/\/supinsa.com\/wp-content\/uploads\/2025\/10\/hii-lejia-con-detergente-pino-tres-sietes.pdf\">Hii Lej\u00eda con Detergente Pino TRES SIETES<\/a><\/td><\/tr><tr><td><a href=\"https:\/\/supinsa.com\/wp-content\/uploads\/2025\/10\/hii-lejia-con-detergente-tres-sietes.pdf\">Hii Lej\u00eda con Detergente TRES SIETES<\/a><\/td><\/tr><tr><td><a href=\"https:\/\/supinsa.com\/wp-content\/uploads\/2025\/10\/hii-lejia-lavadoras-tres-sietes.pdf\">Hii Lej\u00eda Lavadoras TRES SIETES<\/a><\/td><\/tr><tr><td><a href=\"https:\/\/supinsa.com\/wp-content\/uploads\/2025\/10\/hii-limpiador-amoniacal-tres-sietes.pdf\">Hii Limpiador Amoniacal TRES SIETES<\/a><\/td><\/tr><tr><td><a href=\"https:\/\/supinsa.com\/wp-content\/uploads\/2025\/10\/hii-salfumant-tres-sietes.pdf\">Hii Salfumant TRES SIETES<\/a><\/td><\/tr><tr><td><a href=\"https:\/\/supinsa.com\/wp-content\/uploads\/2025\/10\/hii-oxigeno-activo-tres-sietes.pdf\">Hii Ox\u00edgeno Activo TRES SIETES<\/a><\/td><\/tr><\/tbody><\/table><\/figure>\n","protected":false},"excerpt":{"rendered":"<p>Hii Activador Color TRES SIETES Hii Agua Desmineralizada TRES SIETES Hii Amoniaco Perfumado TRES SIETES Hii Amoniaco TRES SIETES Hii Fregasuelos Pino TRES SIETES Hii Lavavajillas TRES SIETES Hii Lej\u00eda Amarilla TRES SIETES Hii Lej\u00eda Apta TRES SIETES Hii Lej\u00eda con Detergente Pino TRES SIETES Hii Lej\u00eda con Detergente TRES SIETES Hii Lej\u00eda Lavadoras TRES [&hellip;]<\/p>\n","protected":false},"author":1,"featured_media":0,"parent":0,"menu_order":0,"comment_status":"closed","ping_status":"closed","template":"","meta":{"_acf_changed":false,"footnotes":""},"class_list":["post-1486","page","type-page","status-publish","hentry"],"acf":[],"_links":{"self":[{"href":"https:\/\/tressietes.es\/index.php\/wp-json\/wp\/v2\/pages\/1486","targetHints":{"allow":["GET"]}}],"collection":[{"href":"https:\/\/tressietes.es\/index.php\/wp-json\/wp\/v2\/pages"}],"about":[{"href":"https:\/\/tressietes.es\/index.php\/wp-json\/wp\/v2\/types\/page"}],"author":[{"embeddable":true,"href":"https:\/\/tressietes.es\/index.php\/wp-json\/wp\/v2\/users\/1"}],"replies":[{"embeddable":true,"href":"https:\/\/tressietes.es\/index.php\/wp-json\/wp\/v2\/comments?post=1486"}],"version-history":[{"count":2,"href":"https:\/\/tressietes.es\/index.php\/wp-json\/wp\/v2\/pages\/1486\/revisions"}],"predecessor-version":[{"id":1490,"href":"https:\/\/tressietes.es\/index.php\/wp-json\/wp\/v2\/pages\/1486\/revisions\/1490"}],"wp:attachment":[{"href":"https:\/\/tressietes.es\/index.php\/wp-json\/wp\/v2\/media?parent=1486"}],"curies":[{"name":"wp","href":"https:\/\/api.w.org\/{rel}","templated":true}]}}